{"id":64,"date":"2021-01-18T11:41:36","date_gmt":"2021-01-18T10:41:36","guid":{"rendered":"http:\/\/collectif-enfance-jeunesse01.fr\/?page_id=64"},"modified":"2026-03-30T16:40:21","modified_gmt":"2026-03-30T14:40:21","slug":"les-membres","status":"publish","type":"page","link":"https:\/\/collectif-enfance-jeunesse01.fr\/?page_id=64","title":{"rendered":"Les membres"},"content":{"rendered":"\t\t<div data-elementor-type=\"wp-page\" data-elementor-id=\"64\" class=\"elementor elementor-64\">\n\t\t\t\t\t\t<div class=\"elementor-inner\">\n\t\t\t\t<div class=\"elementor-section-wrap\">\n\t\t\t\t\t\t\t\t\t<section class=\"elementor-section elementor-top-section elementor-element elementor-element-84f810c elementor-section-boxed elementor-section-height-default elementor-section-height-default\" data-id=\"84f810c\" data-element_type=\"section\">\n\t\t\t\t\t\t<div class=\"elementor-container elementor-column-gap-default\">\n\t\t\t\t\t\t\t<div class=\"elementor-row\">\n\t\t\t\t\t<div class=\"elementor-column elementor-col-100 elementor-top-column elementor-element elementor-element-5523d65\" data-id=\"5523d65\" data-element_type=\"column\">\n\t\t\t<div class=\"elementor-column-wrap elementor-element-populated\">\n\t\t\t\t\t\t\t<div class=\"elementor-widget-wrap\">\n\t\t\t\t\t\t<div class=\"elementor-element elementor-element-ef2af02 elementor-widget elementor-widget-text-editor\" data-id=\"ef2af02\" data-element_type=\"widget\" data-widget_type=\"text-editor.default\">\n\t\t\t\t<div class=\"elementor-widget-container\">\n\t\t\t\t\t\t\t\t<div class=\"elementor-text-editor elementor-clearfix\">\n\t\t\t\t<h1><b>Les lieux :<br \/><\/b><\/h1><p><a href=\"https:\/\/www.artabesques.fr\/\" target=\"_blank\" rel=\"noopener\">Ar(t)abesques<\/a> (Valserh\u00f4ne) : Th\u00e9\u00e2tre Jeanne d&#8217;Arc &#8211; programmation pluridisciplinaire et jeune public<br \/><a href=\"http:\/\/www.ambronay.org\" target=\"_blank\" rel=\"noopener\">Centre culturel et de rencontre Ambronay<\/a> (Ambronay) : Programmation musicale, r\u00e9sidences d\u2019artistes, visites guid\u00e9es, actions culturelles, label, recherche et formation de jeunes talents.<br \/><a href=\"https:\/\/www.oyonnax.fr\/mes-loisirs\/culture\/centre-culturel\/\">Centre culturel Aragon <\/a>(Oyonnax)<br \/><a href=\"https:\/\/www.cscleslibellules.fr\" target=\"_blank\" rel=\"noopener\">Centre socio culturel Les Libellules<\/a> (Gex)<br \/><a href=\"http:\/\/www.etac01.com\" target=\"_blank\" rel=\"noopener\">\u00c9cole de cirque<\/a> (Bourg-en-Bresse) : Formation, m\u00e9diation, cr\u00e9ation et diffusion<br \/><a href=\"https:\/\/www.theatreallegro.fr\/\" target=\"_blank\" rel=\"noopener\">L\u2019Allegro<\/a> (Miribel)<br \/><a href=\"http:\/\/www.theatre-bourg.fr\" target=\"_blank\" rel=\"noopener\">L&#8217;EPCC Th\u00e9\u00e2tre de Bourg-en-Bresse<\/a> (Bourg-en-Bresse) : Programmation pluridisciplinaire, soutien \u00e0 la cr\u00e9ation, action culturelle<br \/><a href=\"https:\/\/www.esplanadedulac.fr\/\">L&#8217;Esplanade du Lac<\/a> (Divonne-les-Bains)<br \/><a href=\"https:\/\/www.reyrieux.fr\/-Site-Le-Galet-.html\">Le Galet<\/a> (Reyrieux)<br \/><a href=\"http:\/\/lintegral.belley.fr\/\">L&#8217;Int\u00e9gral<\/a> (Belley)<br \/><a href=\"https:\/\/www.mjc-amberieu.org\/\" target=\"_blank\" rel=\"noopener\">La MJC Louise Michel<\/a> (Amb\u00e9rieu-en-Bugey)<br \/><a href=\"http:\/\/www.mjc-bourg.fr\/\">La MJC<\/a> (Bourg-en-Bresse)<br \/><a href=\"https:\/\/www.ferney-voltaire.fr\/decouvrir-et-sortir\/saison-culturelle\/saison-culturelle-au-pays-de-voltaire\/\">Service culturel de Ferney Voltaire<\/a> (Ferney Voltaire)<br \/><a href=\"http:\/\/www.lagnieu.fr\" target=\"_blank\" rel=\"noopener\">Service Culturel de Lagnieu<\/a> (Lagnieu) : Action culturelle-biblioth\u00e8que-spectacle vivant<br \/><a href=\"https:\/\/www.la-tannerie.com\/\">La Tannerie<\/a> (Bourg-en-Bresse)<\/p><h2><b>Les artistes et compagnies : <\/b><\/h2><p><a href=\"http:\/\/www.ventriloque-creationtheatrale.com\" target=\"_blank\" rel=\"noopener\">Anidar<\/a> (Bourg-en-Bresse) : Th\u00e9\u00e2tre, marionnette et ventriloquie<br \/><a href=\"http:\/\/www.arbre-canapas.com\" target=\"_blank\" rel=\"noopener\">Arbre Canapas<\/a> (Bourg-en-Bresse) : Spectacles musicaux pour petits et grands<br \/><a href=\"http:\/\/www.cie-arnica.com\" target=\"_blank\" rel=\"noopener\">Arnica<\/a> (Bourg-en-Bresse) : Th\u00e9\u00e2tre de marionnettes et \u00e9critures contemporaines<br \/><a href=\"http:\/\/www.atelier-du-reverbere.com\" target=\"_blank\" rel=\"noopener\">Atelier du Reverb\u00e8re<\/a> (Amb\u00e9rieu-en-Bugey)<br \/><a href=\"http:\/\/www.aurelieloiseau.com\" target=\"_blank\" rel=\"noopener\">Aur\u00e9lie Loiseau<\/a> (Reyrieux) : C<span dir=\"ltr\">onte, performance, textile<\/span><br \/><a href=\"http:\/\/www.compagnieduborddeleau.com\/\" target=\"_blank\" rel=\"noopener\">Bord de l&#8217;eau<\/a> (Sonthonnax la montagne)<br \/><a href=\"http:\/\/www.ciecestcaquiestca.com\" target=\"_blank\" rel=\"noopener\">C\u2019est \u00e7a qui est \u00e7a<\/a> (Bourg-en-Bresse) : Spectacle musical jeune public<br \/><a href=\"https:\/\/www.cieldencrecie.com\/\">Ciel d&#8217;encre (Civrieux)<\/a><br \/><a href=\"http:\/\/ELLE - Slam Musical et Funambule\" target=\"_blank\" rel=\"noopener\">Collectif A Corps De Plumes<\/a> (Bourg-en-Bresse)\u00a0 : Slam\/rap, musique et danse<br \/><a href=\"https:\/\/adara01.fr\/\">Compagnie ADARA\u00a0<\/a>(Bourg en Bresse) : Th\u00e9\u00e2tre et improvisation<br \/><a href=\"https:\/\/www.compagnie13quai.com\/\">La Compagnie du 13\u00e8me quai<\/a> : Art du cirque<br \/><a href=\"http:\/\/www.theart-co.com\/\">Compagnie th\u00e9\u00e2rt and co<\/a><br \/><a href=\"https:\/\/www.duck-billedcompany.com\/\">Duck-Billed Company<\/a> Danse contemporaine<br \/><a href=\"https:\/\/www.elyo.org\/elyo\">Elyo (Saint-Genis-Pouilly)<\/a><br \/><a href=\"https:\/\/www.mercilarattrape.com\" target=\"_blank\" rel=\"noopener\">Elsa L<\/a> (Vonnas) : Cirque et clown pour tr\u00e8s jeune public<br \/><a href=\"http:\/\/www.groupenuits.com\" target=\"_blank\" rel=\"noopener\">Groupe Nuits<\/a> (Bourg-en-Bresse) : Danse &amp; cirque<br \/><a href=\"https:\/\/www.compagnie-inanna.com\/\">Inanna (Bourg-en-Bresse)<\/a><br \/><a href=\"https:\/\/www.cmtra.org\/les_acteur\/artistes\/473\/Compagnie_KOTEKAN\">Kotekan( Bregnier Cordon)<\/a><a href=\"http:\/\/www.latoutepetitecompagnie.fr\" target=\"_blank\" rel=\"noopener\"><br \/><\/a><a href=\"https:\/\/www.diesellecompagnie.fr\/\" target=\"_blank\" rel=\"noopener\">La Dieselle Compagnie<\/a> (Bourg-en-Bresse) : Th\u00e9\u00e2tre<a href=\"http:\/\/www.latoutepetitecompagnie.fr\" target=\"_blank\" rel=\"noopener\"><br \/>La Toute Petite Compagnie<\/a> (Bourg-en-Bresse) : Th\u00e9\u00e2tre musical jeune public<br \/><a href=\"http:\/\/www.lesdecintres.com\" target=\"_blank\" rel=\"noopener\">Les D\u00e9cintr\u00e9s en costume<\/a> (Nurieux-Volognat) : Th\u00e9\u00e2tre visuel, marionnette et th\u00e9\u00e2tre d&#8217;objet<br \/><a href=\"http:\/\/www.lacompagniedescreacteurs-23.webself.net\" target=\"_blank\" rel=\"noopener\">Les Cre&#8217;acteurs<\/a> (Tr\u00e9voux) : Du th\u00e9\u00e2tre musical au conte marionnettique<br \/><a href=\"http:\/\/www.theatredesbordsdesaone.fr\" target=\"_blank\" rel=\"noopener\">Nicolas Duplot<\/a> (Reyrieux) : Com\u00e9dien, metteur en sc\u00e8ne<br \/><a href=\"https:\/\/palavanne.com\/\">Palavane (Bourg-en-Bresse)<\/a><br \/><a href=\"http:\/\/www.passaros.fr\" target=\"_blank\" rel=\"noopener\">Passaros<\/a> (Bourg-en-Bresse) : Danse, musique et autres arts<br \/><a href=\"http:\/\/www.petrek.fr\" target=\"_blank\" rel=\"noopener\">Petrek<\/a> (Bourg-en-Bresse) : Ecriture, chanson, auteur, compositeur<br \/><a href=\"https:\/\/www.facebook.com\/ciereve.delune.7\" target=\"_blank\" rel=\"noopener\">R\u00eave de Lune<\/a> (Saint-Denis-l\u00e8s-Bourg ) : Danse pour le tr\u00e8s jeune et jeune public<br \/><a href=\"https:\/\/patricksapin.org\/\">Patrick Sapin (Miribel)<\/a><br \/><a href=\"https:\/\/www.facebook.com\/profile.php?id=100076349671474\">Toutin Pataques (Bourg-en-Bresse)\u00a0<\/a><br \/><a href=\"http:\/\/www.lesvoixduconte.fr\" target=\"_blank\" rel=\"noopener\">Voix du conte<\/a> (Thoiry) : Arts de la parole, th\u00e9atre, conte<br \/><a href=\"http:\/\/www.prod-andeol.fr\" target=\"_blank\" rel=\"noopener\">Zeph\u2019<\/a> (Amb\u00e9rieu-en-Bugey) : Spectacle musical jeune public<\/p>\t\t\t\t\t<\/div>\n\t\t\t\t\t\t<\/div>\n\t\t\t\t<\/div>\n\t\t\t\t\t\t<\/div>\n\t\t\t\t\t<\/div>\n\t\t<\/div>\n\t\t\t\t\t\t\t\t<\/div>\n\t\t\t\t\t<\/div>\n\t\t<\/section>\n\t\t\t\t<section class=\"elementor-section elementor-top-section elementor-element elementor-element-d151e34 elementor-section-boxed elementor-section-height-default elementor-section-height-default\" data-id=\"d151e34\" data-element_type=\"section\">\n\t\t\t\t\t\t<div class=\"elementor-container elementor-column-gap-default\">\n\t\t\t\t\t\t\t<div class=\"elementor-row\">\n\t\t\t\t\t<div class=\"elementor-column elementor-col-100 elementor-top-column elementor-element elementor-element-108aa6f\" data-id=\"108aa6f\" data-element_type=\"column\">\n\t\t\t<div class=\"elementor-column-wrap elementor-element-populated\">\n\t\t\t\t\t\t\t<div class=\"elementor-widget-wrap\">\n\t\t\t\t\t\t<div class=\"elementor-element elementor-element-17ea614 elementor-widget elementor-widget-text-editor\" data-id=\"17ea614\" data-element_type=\"widget\" data-widget_type=\"text-editor.default\">\n\t\t\t\t<div class=\"elementor-widget-container\">\n\t\t\t\t\t\t\t\t<div class=\"elementor-text-editor elementor-clearfix\">\n\t\t\t\t<p>A noter que l\u2019objectif du collectif est toujours d&#8217;accueillir des nouveaux lieux, nouvelles compagnies et lieux interm\u00e9diaires ou satellites (m\u00e9diath\u00e8ques, mus\u00e9es, associations culturelles et socio-culturelles, etc).<\/p>\t\t\t\t\t<\/div>\n\t\t\t\t\t\t<\/div>\n\t\t\t\t<\/div>\n\t\t\t\t\t\t<\/div>\n\t\t\t\t\t<\/div>\n\t\t<\/div>\n\t\t\t\t\t\t\t\t<\/div>\n\t\t\t\t\t<\/div>\n\t\t<\/section>\n\t\t\t\t<section class=\"elementor-section elementor-top-section elementor-element elementor-element-41ae5fa elementor-section-boxed elementor-section-height-default elementor-section-height-default\" data-id=\"41ae5fa\" data-element_type=\"section\">\n\t\t\t\t\t\t<div class=\"elementor-container elementor-column-gap-default\">\n\t\t\t\t\t\t\t<div class=\"elementor-row\">\n\t\t\t\t\t<div class=\"elementor-column elementor-col-100 elementor-top-column elementor-element elementor-element-8bbe696\" data-id=\"8bbe696\" data-element_type=\"column\">\n\t\t\t<div class=\"elementor-column-wrap elementor-element-populated\">\n\t\t\t\t\t\t\t<div class=\"elementor-widget-wrap\">\n\t\t\t\t\t\t<div class=\"elementor-element elementor-element-60d4d04 elementor-align-center elementor-widget elementor-widget-button\" data-id=\"60d4d04\" data-element_type=\"widget\" data-widget_type=\"button.default\">\n\t\t\t\t<div class=\"elementor-widget-container\">\n\t\t\t\t\t<div class=\"elementor-button-wrapper\">\n\t\t\t<a href=\"https:\/\/www.helloasso.com\/associations\/collectif-culture-pour-l-enfance-et-la-jeunesse-de-l-ain\/adhesions\/adhesion-2026-collectif-culture-pour-l-enfance-et-la-jeunesse-l-ain-2\" target=\"_blank\" class=\"elementor-button-link elementor-button elementor-size-md\" role=\"button\">\n\t\t\t\t\t\t<span class=\"elementor-button-content-wrapper\">\n\t\t\t\t\t\t<span class=\"elementor-button-text\">Adh\u00e9sion 2026<\/span>\n\t\t<\/span>\n\t\t\t\t\t<\/a>\n\t\t<\/div>\n\t\t\t\t<\/div>\n\t\t\t\t<\/div>\n\t\t\t\t\t\t<\/div>\n\t\t\t\t\t<\/div>\n\t\t<\/div>\n\t\t\t\t\t\t\t\t<\/div>\n\t\t\t\t\t<\/div>\n\t\t<\/section>\n\t\t\t\t\t\t\t\t\t<\/div>\n\t\t\t<\/div>\n\t\t\t\t\t<\/div>\n\t\t","protected":false},"excerpt":{"rendered":"<p>Les lieux : Ar(t)abesques (Valserh\u00f4ne) : Th\u00e9\u00e2tre Jeanne d&#8217;Arc &#8211; &hellip; <\/p>\n","protected":false},"author":1,"featured_media":0,"parent":0,"menu_order":0,"comment_status":"closed","ping_status":"closed","template":"","meta":{"_bbp_topic_count":0,"_bbp_reply_count":0,"_bbp_total_topic_count":0,"_bbp_total_reply_count":0,"_bbp_voice_count":0,"_bbp_anonymous_reply_count":0,"_bbp_topic_count_hidden":0,"_bbp_reply_count_hidden":0,"_bbp_forum_subforum_count":0},"yoast_head":"<!-- This site is optimized with the Yoast SEO plugin v18.0 - https:\/\/yoast.com\/wordpress\/plugins\/seo\/ -->\n<title>Les membres - Collectif culture pour l&#039;enfance et la jeunesse de l&#039;ain<\/title>\n<meta name=\"robots\" content=\"index, follow, max-snippet:-1, max-image-preview:large, max-video-preview:-1\" \/>\n<link rel=\"canonical\" href=\"https:\/\/collectif-enfance-jeunesse01.fr\/?page_id=64\" \/>\n<meta property=\"og:locale\" content=\"fr_FR\" \/>\n<meta property=\"og:type\" content=\"article\" \/>\n<meta property=\"og:title\" content=\"Les membres - Collectif culture pour l&#039;enfance et la jeunesse de l&#039;ain\" \/>\n<meta property=\"og:description\" content=\"Les lieux : Ar(t)abesques (Valserh\u00f4ne) : Th\u00e9\u00e2tre Jeanne d&#8217;Arc &#8211; &hellip;\" \/>\n<meta property=\"og:url\" content=\"https:\/\/collectif-enfance-jeunesse01.fr\/?page_id=64\" \/>\n<meta property=\"og:site_name\" content=\"Collectif culture pour l&#039;enfance et la jeunesse de l&#039;ain\" \/>\n<meta property=\"article:modified_time\" content=\"2026-03-30T14:40:21+00:00\" \/>\n<meta name=\"twitter:card\" content=\"summary_large_image\" \/>\n<meta name=\"twitter:label1\" content=\"Dur\u00e9e de lecture estim\u00e9e\" \/>\n\t<meta name=\"twitter:data1\" content=\"2 minutes\" \/>\n<script type=\"application\/ld+json\" class=\"yoast-schema-graph\">{\"@context\":\"https:\/\/schema.org\",\"@graph\":[{\"@type\":\"WebSite\",\"@id\":\"https:\/\/collectif-enfance-jeunesse01.fr\/#website\",\"url\":\"https:\/\/collectif-enfance-jeunesse01.fr\/\",\"name\":\"Collectif culture pour l&#039;enfance et la jeunesse de l&#039;ain\",\"description\":\"\",\"potentialAction\":[{\"@type\":\"SearchAction\",\"target\":{\"@type\":\"EntryPoint\",\"urlTemplate\":\"https:\/\/collectif-enfance-jeunesse01.fr\/?s={search_term_string}\"},\"query-input\":\"required name=search_term_string\"}],\"inLanguage\":\"fr-FR\"},{\"@type\":\"WebPage\",\"@id\":\"https:\/\/collectif-enfance-jeunesse01.fr\/?page_id=64#webpage\",\"url\":\"https:\/\/collectif-enfance-jeunesse01.fr\/?page_id=64\",\"name\":\"Les membres - Collectif culture pour l&#039;enfance et la jeunesse de l&#039;ain\",\"isPartOf\":{\"@id\":\"https:\/\/collectif-enfance-jeunesse01.fr\/#website\"},\"datePublished\":\"2021-01-18T10:41:36+00:00\",\"dateModified\":\"2026-03-30T14:40:21+00:00\",\"breadcrumb\":{\"@id\":\"https:\/\/collectif-enfance-jeunesse01.fr\/?page_id=64#breadcrumb\"},\"inLanguage\":\"fr-FR\",\"potentialAction\":[{\"@type\":\"ReadAction\",\"target\":[\"https:\/\/collectif-enfance-jeunesse01.fr\/?page_id=64\"]}]},{\"@type\":\"BreadcrumbList\",\"@id\":\"https:\/\/collectif-enfance-jeunesse01.fr\/?page_id=64#breadcrumb\",\"itemListElement\":[{\"@type\":\"ListItem\",\"position\":1,\"name\":\"Accueil\",\"item\":\"https:\/\/collectif-enfance-jeunesse01.fr\/\"},{\"@type\":\"ListItem\",\"position\":2,\"name\":\"Les membres\"}]}]}<\/script>\n<!-- \/ Yoast SEO plugin. -->","yoast_head_json":{"title":"Les membres - Collectif culture pour l&#039;enfance et la jeunesse de l&#039;ain","robots":{"index":"index","follow":"follow","max-snippet":"max-snippet:-1","max-image-preview":"max-image-preview:large","max-video-preview":"max-video-preview:-1"},"canonical":"https:\/\/collectif-enfance-jeunesse01.fr\/?page_id=64","og_locale":"fr_FR","og_type":"article","og_title":"Les membres - Collectif culture pour l&#039;enfance et la jeunesse de l&#039;ain","og_description":"Les lieux : Ar(t)abesques (Valserh\u00f4ne) : Th\u00e9\u00e2tre Jeanne d&#8217;Arc &#8211; &hellip;","og_url":"https:\/\/collectif-enfance-jeunesse01.fr\/?page_id=64","og_site_name":"Collectif culture pour l&#039;enfance et la jeunesse de l&#039;ain","article_modified_time":"2026-03-30T14:40:21+00:00","twitter_card":"summary_large_image","twitter_misc":{"Dur\u00e9e de lecture estim\u00e9e":"2 minutes"},"schema":{"@context":"https:\/\/schema.org","@graph":[{"@type":"WebSite","@id":"https:\/\/collectif-enfance-jeunesse01.fr\/#website","url":"https:\/\/collectif-enfance-jeunesse01.fr\/","name":"Collectif culture pour l&#039;enfance et la jeunesse de l&#039;ain","description":"","potentialAction":[{"@type":"SearchAction","target":{"@type":"EntryPoint","urlTemplate":"https:\/\/collectif-enfance-jeunesse01.fr\/?s={search_term_string}"},"query-input":"required name=search_term_string"}],"inLanguage":"fr-FR"},{"@type":"WebPage","@id":"https:\/\/collectif-enfance-jeunesse01.fr\/?page_id=64#webpage","url":"https:\/\/collectif-enfance-jeunesse01.fr\/?page_id=64","name":"Les membres - Collectif culture pour l&#039;enfance et la jeunesse de l&#039;ain","isPartOf":{"@id":"https:\/\/collectif-enfance-jeunesse01.fr\/#website"},"datePublished":"2021-01-18T10:41:36+00:00","dateModified":"2026-03-30T14:40:21+00:00","breadcrumb":{"@id":"https:\/\/collectif-enfance-jeunesse01.fr\/?page_id=64#breadcrumb"},"inLanguage":"fr-FR","potentialAction":[{"@type":"ReadAction","target":["https:\/\/collectif-enfance-jeunesse01.fr\/?page_id=64"]}]},{"@type":"BreadcrumbList","@id":"https:\/\/collectif-enfance-jeunesse01.fr\/?page_id=64#breadcrumb","itemListElement":[{"@type":"ListItem","position":1,"name":"Accueil","item":"https:\/\/collectif-enfance-jeunesse01.fr\/"},{"@type":"ListItem","position":2,"name":"Les membres"}]}]}},"_links":{"self":[{"href":"https:\/\/collectif-enfance-jeunesse01.fr\/index.php?rest_route=\/wp\/v2\/pages\/64"}],"collection":[{"href":"https:\/\/collectif-enfance-jeunesse01.fr\/index.php?rest_route=\/wp\/v2\/pages"}],"about":[{"href":"https:\/\/collectif-enfance-jeunesse01.fr\/index.php?rest_route=\/wp\/v2\/types\/page"}],"author":[{"embeddable":true,"href":"https:\/\/collectif-enfance-jeunesse01.fr\/index.php?rest_route=\/wp\/v2\/users\/1"}],"replies":[{"embeddable":true,"href":"https:\/\/collectif-enfance-jeunesse01.fr\/index.php?rest_route=%2Fwp%2Fv2%2Fcomments&post=64"}],"version-history":[{"count":146,"href":"https:\/\/collectif-enfance-jeunesse01.fr\/index.php?rest_route=\/wp\/v2\/pages\/64\/revisions"}],"predecessor-version":[{"id":895,"href":"https:\/\/collectif-enfance-jeunesse01.fr\/index.php?rest_route=\/wp\/v2\/pages\/64\/revisions\/895"}],"wp:attachment":[{"href":"https:\/\/collectif-enfance-jeunesse01.fr\/index.php?rest_route=%2Fwp%2Fv2%2Fmedia&parent=64"}],"curies":[{"name":"wp","href":"https:\/\/api.w.org\/{rel}","templated":true}]}}