{"id":61,"date":"2021-01-18T11:41:36","date_gmt":"2021-01-18T10:41:36","guid":{"rendered":"http:\/\/collectif-enfance-jeunesse01.fr\/?page_id=61"},"modified":"2022-01-13T13:30:25","modified_gmt":"2022-01-13T12:30:25","slug":"qui-sommes-nous","status":"publish","type":"page","link":"https:\/\/collectif-enfance-jeunesse01.fr\/?page_id=61","title":{"rendered":"Qui sommes-nous?"},"content":{"rendered":"\t\t<div data-elementor-type=\"wp-page\" data-elementor-id=\"61\" class=\"elementor elementor-61\">\n\t\t\t\t\t\t<div class=\"elementor-inner\">\n\t\t\t\t<div class=\"elementor-section-wrap\">\n\t\t\t\t\t\t\t\t\t<section class=\"elementor-section elementor-top-section elementor-element elementor-element-fda1040 elementor-section-boxed elementor-section-height-default elementor-section-height-default\" data-id=\"fda1040\" data-element_type=\"section\">\n\t\t\t\t\t\t<div class=\"elementor-container elementor-column-gap-default\">\n\t\t\t\t\t\t\t<div class=\"elementor-row\">\n\t\t\t\t\t<div class=\"elementor-column elementor-col-100 elementor-top-column elementor-element elementor-element-18a6cbd\" data-id=\"18a6cbd\" data-element_type=\"column\">\n\t\t\t<div class=\"elementor-column-wrap elementor-element-populated\">\n\t\t\t\t\t\t\t<div class=\"elementor-widget-wrap\">\n\t\t\t\t\t\t<div class=\"elementor-element elementor-element-1873065 elementor-widget elementor-widget-text-editor\" data-id=\"1873065\" data-element_type=\"widget\" data-widget_type=\"text-editor.default\">\n\t\t\t\t<div class=\"elementor-widget-container\">\n\t\t\t\t\t\t\t\t<div class=\"elementor-text-editor elementor-clearfix\">\n\t\t\t\t<p>La volont\u00e9 d\u2019activer un r\u00e9seau sur le territoire de l\u2019Ain \u00e9tait d\u00e9j\u00e0 dans l\u2019esprit d\u2019un certain nombre d\u2019acteurs \u00e0 l\u2019initiative des premi\u00e8res r\u00e9unions autour du focus national <b>La Belle Saison<\/b> avec l\u2019enfance et la jeunesse, lanc\u00e9e par le Minist\u00e8re de Culture et de la Communication en 2014.<br \/>Dans ce contexte, quelques structures ont souhait\u00e9 r\u00e9unir les acteurs culturels du d\u00e9partement de l&#8217;Ain, lieux de diffusion et \u00e9quipes artistiques professionnelles. Ainsi, un <b>collectif jeune public est n\u00e9 <\/b>afin d&#8217;engager un processus de coop\u00e9ration et de mutualisation, au service de la cr\u00e9ation pour l\u2019enfance et la jeunesse du territoire de l\u2019Ain. Afin de permettre des actions concr\u00e8tes et l\u00e9gitimer le collectif, une association a \u00e9t\u00e9 cr\u00e9\u00e9e en 2018, cela dans une volont\u00e9 de mise en r\u00e9seau, d\u2019\u00e9changes entre des lieux de diffusion et \u00e9quipes artistiques professionnelles du d\u00e9partement, et de valorisation de la cr\u00e9ation artistique d\u00e9partementale pour l\u2019enfance et la jeunesse.<\/p><p>Ce collectif repose sur l\u2019ensemble des maillons du secteur professionnel de l\u2019Ain, et comprend 13 lieux : th\u00e9\u00e2tres, centres culturels ou MJC, ayant une programmation r\u00e9guli\u00e8re, et une vingtaine de compagnies ou artistes.<br \/>Pour adh\u00e9rer au collectif, les membres doivent remplir les conditions suivantes :<\/p><p><strong>Pour les compagnies et artistes adh\u00e9rents<\/strong> :<br \/>&#8211; \u00catre une compagnie professionnelle ou artiste, implant\u00e9s dans l\u2019Ain.<br \/>&#8211; \u00catre force de proposition de projets dans un processus de coop\u00e9ration entre<br \/>compagnies.<\/p><p><strong>Pour les structures de diffusion adh\u00e9rentes<\/strong> :<br \/>&#8211; participation au festival \u00ab h\u00e9rissons-nous \u00bb<br \/>&#8211; ind\u00e9pendance dans leurs choix artistiques (programmation, aide financi\u00e8re,<br \/>soutien \u00e0 la r\u00e9sidence)<\/p><p>Un certain nombre d\u2019objectifs d\u00e9finit ce processus de coop\u00e9ration :<br \/>1. Faire se rencontrer les compagnies et les lieux dans le but d\u2019une meilleure connaissance des un-es et des autres. Favoriser le croisement et les projets d\u2019artistes autour de propositions partag\u00e9es.<br \/>2. Faire \u00e9merger des questionnements sur le spectacle jeune public (autour notamment de l\u2019\u00e9criture, le texte, la mise en sc\u00e8ne&#8230;) et proposer des r\u00e9ponses ou des solutions.<br \/>3. Faire rayonner la cr\u00e9ation pour l\u2019enfance et la jeunesse, porter les compagnies et artistes du territoire. 4. D\u00e9velopper des actions compl\u00e9mentaires autour des spectacles en proposant aupr\u00e8s du jeune public, des rencontres, des \u00e9changes, des ateliers.<br \/>5. Sensibiliser les \u00e9lus, le public, le corps enseignant et les structures socio-culturelles, \u00e0 la richesse de la cr\u00e9ation pour la jeunesse.<\/p>\t\t\t\t\t<\/div>\n\t\t\t\t\t\t<\/div>\n\t\t\t\t<\/div>\n\t\t\t\t\t\t<\/div>\n\t\t\t\t\t<\/div>\n\t\t<\/div>\n\t\t\t\t\t\t\t\t<\/div>\n\t\t\t\t\t<\/div>\n\t\t<\/section>\n\t\t\t\t\t\t\t\t\t<\/div>\n\t\t\t<\/div>\n\t\t\t\t\t<\/div>\n\t\t","protected":false},"excerpt":{"rendered":"<p>La volont\u00e9 d\u2019activer un r\u00e9seau sur le territoire de l\u2019Ain &hellip; <\/p>\n","protected":false},"author":1,"featured_media":0,"parent":0,"menu_order":0,"comment_status":"closed","ping_status":"closed","template":"","meta":{"_bbp_topic_count":0,"_bbp_reply_count":0,"_bbp_total_topic_count":0,"_bbp_total_reply_count":0,"_bbp_voice_count":0,"_bbp_anonymous_reply_count":0,"_bbp_topic_count_hidden":0,"_bbp_reply_count_hidden":0,"_bbp_forum_subforum_count":0},"yoast_head":"<!-- This site is optimized with the Yoast SEO plugin v18.0 - https:\/\/yoast.com\/wordpress\/plugins\/seo\/ -->\n<title>Qui sommes-nous? - Collectif culture pour l&#039;enfance et la jeunesse de l&#039;ain<\/title>\n<meta name=\"robots\" content=\"index, follow, max-snippet:-1, max-image-preview:large, max-video-preview:-1\" \/>\n<link rel=\"canonical\" href=\"https:\/\/collectif-enfance-jeunesse01.fr\/?page_id=61\" \/>\n<meta property=\"og:locale\" content=\"fr_FR\" \/>\n<meta property=\"og:type\" content=\"article\" \/>\n<meta property=\"og:title\" content=\"Qui sommes-nous? - Collectif culture pour l&#039;enfance et la jeunesse de l&#039;ain\" \/>\n<meta property=\"og:description\" content=\"La volont\u00e9 d\u2019activer un r\u00e9seau sur le territoire de l\u2019Ain &hellip;\" \/>\n<meta property=\"og:url\" content=\"https:\/\/collectif-enfance-jeunesse01.fr\/?page_id=61\" \/>\n<meta property=\"og:site_name\" content=\"Collectif culture pour l&#039;enfance et la jeunesse de l&#039;ain\" \/>\n<meta property=\"article:modified_time\" content=\"2022-01-13T12:30:25+00:00\" \/>\n<meta name=\"twitter:card\" content=\"summary_large_image\" \/>\n<meta name=\"twitter:label1\" content=\"Dur\u00e9e de lecture estim\u00e9e\" \/>\n\t<meta name=\"twitter:data1\" content=\"2 minutes\" \/>\n<script type=\"application\/ld+json\" class=\"yoast-schema-graph\">{\"@context\":\"https:\/\/schema.org\",\"@graph\":[{\"@type\":\"WebSite\",\"@id\":\"https:\/\/collectif-enfance-jeunesse01.fr\/#website\",\"url\":\"https:\/\/collectif-enfance-jeunesse01.fr\/\",\"name\":\"Collectif culture pour l&#039;enfance et la jeunesse de l&#039;ain\",\"description\":\"\",\"potentialAction\":[{\"@type\":\"SearchAction\",\"target\":{\"@type\":\"EntryPoint\",\"urlTemplate\":\"https:\/\/collectif-enfance-jeunesse01.fr\/?s={search_term_string}\"},\"query-input\":\"required name=search_term_string\"}],\"inLanguage\":\"fr-FR\"},{\"@type\":\"WebPage\",\"@id\":\"https:\/\/collectif-enfance-jeunesse01.fr\/?page_id=61#webpage\",\"url\":\"https:\/\/collectif-enfance-jeunesse01.fr\/?page_id=61\",\"name\":\"Qui sommes-nous? - Collectif culture pour l&#039;enfance et la jeunesse de l&#039;ain\",\"isPartOf\":{\"@id\":\"https:\/\/collectif-enfance-jeunesse01.fr\/#website\"},\"datePublished\":\"2021-01-18T10:41:36+00:00\",\"dateModified\":\"2022-01-13T12:30:25+00:00\",\"breadcrumb\":{\"@id\":\"https:\/\/collectif-enfance-jeunesse01.fr\/?page_id=61#breadcrumb\"},\"inLanguage\":\"fr-FR\",\"potentialAction\":[{\"@type\":\"ReadAction\",\"target\":[\"https:\/\/collectif-enfance-jeunesse01.fr\/?page_id=61\"]}]},{\"@type\":\"BreadcrumbList\",\"@id\":\"https:\/\/collectif-enfance-jeunesse01.fr\/?page_id=61#breadcrumb\",\"itemListElement\":[{\"@type\":\"ListItem\",\"position\":1,\"name\":\"Accueil\",\"item\":\"https:\/\/collectif-enfance-jeunesse01.fr\/\"},{\"@type\":\"ListItem\",\"position\":2,\"name\":\"Qui sommes-nous?\"}]}]}<\/script>\n<!-- \/ Yoast SEO plugin. -->","yoast_head_json":{"title":"Qui sommes-nous? - Collectif culture pour l&#039;enfance et la jeunesse de l&#039;ain","robots":{"index":"index","follow":"follow","max-snippet":"max-snippet:-1","max-image-preview":"max-image-preview:large","max-video-preview":"max-video-preview:-1"},"canonical":"https:\/\/collectif-enfance-jeunesse01.fr\/?page_id=61","og_locale":"fr_FR","og_type":"article","og_title":"Qui sommes-nous? - Collectif culture pour l&#039;enfance et la jeunesse de l&#039;ain","og_description":"La volont\u00e9 d\u2019activer un r\u00e9seau sur le territoire de l\u2019Ain &hellip;","og_url":"https:\/\/collectif-enfance-jeunesse01.fr\/?page_id=61","og_site_name":"Collectif culture pour l&#039;enfance et la jeunesse de l&#039;ain","article_modified_time":"2022-01-13T12:30:25+00:00","twitter_card":"summary_large_image","twitter_misc":{"Dur\u00e9e de lecture estim\u00e9e":"2 minutes"},"schema":{"@context":"https:\/\/schema.org","@graph":[{"@type":"WebSite","@id":"https:\/\/collectif-enfance-jeunesse01.fr\/#website","url":"https:\/\/collectif-enfance-jeunesse01.fr\/","name":"Collectif culture pour l&#039;enfance et la jeunesse de l&#039;ain","description":"","potentialAction":[{"@type":"SearchAction","target":{"@type":"EntryPoint","urlTemplate":"https:\/\/collectif-enfance-jeunesse01.fr\/?s={search_term_string}"},"query-input":"required name=search_term_string"}],"inLanguage":"fr-FR"},{"@type":"WebPage","@id":"https:\/\/collectif-enfance-jeunesse01.fr\/?page_id=61#webpage","url":"https:\/\/collectif-enfance-jeunesse01.fr\/?page_id=61","name":"Qui sommes-nous? - Collectif culture pour l&#039;enfance et la jeunesse de l&#039;ain","isPartOf":{"@id":"https:\/\/collectif-enfance-jeunesse01.fr\/#website"},"datePublished":"2021-01-18T10:41:36+00:00","dateModified":"2022-01-13T12:30:25+00:00","breadcrumb":{"@id":"https:\/\/collectif-enfance-jeunesse01.fr\/?page_id=61#breadcrumb"},"inLanguage":"fr-FR","potentialAction":[{"@type":"ReadAction","target":["https:\/\/collectif-enfance-jeunesse01.fr\/?page_id=61"]}]},{"@type":"BreadcrumbList","@id":"https:\/\/collectif-enfance-jeunesse01.fr\/?page_id=61#breadcrumb","itemListElement":[{"@type":"ListItem","position":1,"name":"Accueil","item":"https:\/\/collectif-enfance-jeunesse01.fr\/"},{"@type":"ListItem","position":2,"name":"Qui sommes-nous?"}]}]}},"_links":{"self":[{"href":"https:\/\/collectif-enfance-jeunesse01.fr\/index.php?rest_route=\/wp\/v2\/pages\/61"}],"collection":[{"href":"https:\/\/collectif-enfance-jeunesse01.fr\/index.php?rest_route=\/wp\/v2\/pages"}],"about":[{"href":"https:\/\/collectif-enfance-jeunesse01.fr\/index.php?rest_route=\/wp\/v2\/types\/page"}],"author":[{"embeddable":true,"href":"https:\/\/collectif-enfance-jeunesse01.fr\/index.php?rest_route=\/wp\/v2\/users\/1"}],"replies":[{"embeddable":true,"href":"https:\/\/collectif-enfance-jeunesse01.fr\/index.php?rest_route=%2Fwp%2Fv2%2Fcomments&post=61"}],"version-history":[{"count":18,"href":"https:\/\/collectif-enfance-jeunesse01.fr\/index.php?rest_route=\/wp\/v2\/pages\/61\/revisions"}],"predecessor-version":[{"id":541,"href":"https:\/\/collectif-enfance-jeunesse01.fr\/index.php?rest_route=\/wp\/v2\/pages\/61\/revisions\/541"}],"wp:attachment":[{"href":"https:\/\/collectif-enfance-jeunesse01.fr\/index.php?rest_route=%2Fwp%2Fv2%2Fmedia&parent=61"}],"curies":[{"name":"wp","href":"https:\/\/api.w.org\/{rel}","templated":true}]}}