{"id":445,"date":"2022-01-13T10:10:27","date_gmt":"2022-01-13T09:10:27","guid":{"rendered":"http:\/\/collectif-enfance-jeunesse01.fr\/?page_id=445"},"modified":"2022-01-13T13:21:19","modified_gmt":"2022-01-13T12:21:19","slug":"edition-2019","status":"publish","type":"page","link":"https:\/\/collectif-enfance-jeunesse01.fr\/?page_id=445","title":{"rendered":"Edition 2019"},"content":{"rendered":"\t\t<div data-elementor-type=\"wp-page\" data-elementor-id=\"445\" class=\"elementor elementor-445\">\n\t\t\t\t\t\t<div class=\"elementor-inner\">\n\t\t\t\t<div class=\"elementor-section-wrap\">\n\t\t\t\t\t\t\t\t\t<section class=\"elementor-section elementor-top-section elementor-element elementor-element-c44a22d elementor-section-boxed elementor-section-height-default elementor-section-height-default\" data-id=\"c44a22d\" data-element_type=\"section\">\n\t\t\t\t\t\t<div class=\"elementor-container elementor-column-gap-default\">\n\t\t\t\t\t\t\t<div class=\"elementor-row\">\n\t\t\t\t\t<div class=\"elementor-column elementor-col-100 elementor-top-column elementor-element elementor-element-9d74764\" data-id=\"9d74764\" data-element_type=\"column\">\n\t\t\t<div class=\"elementor-column-wrap elementor-element-populated\">\n\t\t\t\t\t\t\t<div class=\"elementor-widget-wrap\">\n\t\t\t\t\t\t<div class=\"elementor-element elementor-element-3364c18 elementor-widget elementor-widget-heading\" data-id=\"3364c18\" data-element_type=\"widget\" data-widget_type=\"heading.default\">\n\t\t\t\t<div class=\"elementor-widget-container\">\n\t\t\t<h2 class=\"elementor-heading-title elementor-size-default\">H\u00e9rissons-nous : \u00e9dition 2019<\/h2>\t\t<\/div>\n\t\t\t\t<\/div>\n\t\t\t\t\t\t<\/div>\n\t\t\t\t\t<\/div>\n\t\t<\/div>\n\t\t\t\t\t\t\t\t<\/div>\n\t\t\t\t\t<\/div>\n\t\t<\/section>\n\t\t\t\t<section class=\"elementor-section elementor-top-section elementor-element elementor-element-8818f3f elementor-section-boxed elementor-section-height-default elementor-section-height-default\" data-id=\"8818f3f\" data-element_type=\"section\">\n\t\t\t\t\t\t<div class=\"elementor-container elementor-column-gap-default\">\n\t\t\t\t\t\t\t<div class=\"elementor-row\">\n\t\t\t\t\t<div class=\"elementor-column elementor-col-100 elementor-top-column elementor-element elementor-element-1f4662c\" data-id=\"1f4662c\" data-element_type=\"column\">\n\t\t\t<div class=\"elementor-column-wrap elementor-element-populated\">\n\t\t\t\t\t\t\t<div class=\"elementor-widget-wrap\">\n\t\t\t\t\t\t<div class=\"elementor-element elementor-element-9be5efe elementor-widget elementor-widget-text-editor\" data-id=\"9be5efe\" data-element_type=\"widget\" data-widget_type=\"text-editor.default\">\n\t\t\t\t<div class=\"elementor-widget-container\">\n\t\t\t\t\t\t\t\t<div class=\"elementor-text-editor elementor-clearfix\">\n\t\t\t\t<p><strong>Une diversit\u00e9 de propositions<\/strong> :<br \/>&#8211; 9 spectacles o\u00f9 se sont crois\u00e9s toutes les disciplines : th\u00e9\u00e2tre, danse, musique, marionnettes, chanson, ventriloquie, th\u00e9\u00e2tre d\u2019objets, conte, kamishiba\u00ef.<br \/>&#8211; Soit 36 repr\u00e9sentations \u00e0 destination de tous les publics, scolaires et familles, du plus petit \u00e2ge, d\u00e8s 6 mois aux adolescents et adultes.<br \/>&#8211; Mais aussi : 1 exposition, 4 ateliers, 1 restitution d\u2019ateliers, 4 sorties de r\u00e9sidences, 2 rencontres, 2 conf\u00e9rences, 4 visites, 1 atelier pour les professionnels du spectacle vivant.<\/p><p>Pour un public nombreux et vari\u00e9\u202f!<\/p><p>P<b>r\u00e8s de 6000 spectateurs r\u00e9unis sur l\u2019ensemble du territoire.<\/b><br \/>&#8211; Un public scolaire et de groupes (centres sociaux, de loisirs) et un public familial accueillant toutes les g\u00e9n\u00e9rations, enfants, parents, grands-parents.<br \/>&#8211; Diverses propositions gratuites et des tarifs accessibles aux familles.<br \/>&#8211; Un festival qui d\u00e9fend la cr\u00e9ation artistique : 5 cr\u00e9ations d\u00e9partementales en 2019.<\/p><p><b>Un festival d\u00e9partemental <\/b>:<br \/>Le festival qui a rayonn\u00e9 sur l\u2019ensemble du territoire :<br \/>&#8211; 13 lieux culturels<br \/>&#8211; 11 communes : Amb\u00e9rieu-en-Bugey, Bellegarde-sur-Valserine, Belley, Bourg-en-Bresse, Divonne-les-Bains, Ferney-Voltaire, Jassans-Riottier, Miribel, Oyonnax, Reyrieux, Saint-Genis-Pouilly<br \/>&#8211; 18 compagnies et artistes professionnels<\/p>\t\t\t\t\t<\/div>\n\t\t\t\t\t\t<\/div>\n\t\t\t\t<\/div>\n\t\t\t\t\t\t<\/div>\n\t\t\t\t\t<\/div>\n\t\t<\/div>\n\t\t\t\t\t\t\t\t<\/div>\n\t\t\t\t\t<\/div>\n\t\t<\/section>\n\t\t\t\t<section class=\"elementor-section elementor-top-section elementor-element elementor-element-35bb321 elementor-section-boxed elementor-section-height-default elementor-section-height-default\" data-id=\"35bb321\" data-element_type=\"section\">\n\t\t\t\t\t\t<div class=\"elementor-container elementor-column-gap-default\">\n\t\t\t\t\t\t\t<div class=\"elementor-row\">\n\t\t\t\t\t<div class=\"elementor-column elementor-col-100 elementor-top-column elementor-element elementor-element-e9ac97f\" data-id=\"e9ac97f\" data-element_type=\"column\">\n\t\t\t<div class=\"elementor-column-wrap elementor-element-populated\">\n\t\t\t\t\t\t\t<div class=\"elementor-widget-wrap\">\n\t\t\t\t\t\t<div class=\"elementor-element elementor-element-606432b elementor-widget elementor-widget-shortcode\" data-id=\"606432b\" data-element_type=\"widget\" data-widget_type=\"shortcode.default\">\n\t\t\t\t<div class=\"elementor-widget-container\">\n\t\t\t\t\t<div class=\"elementor-shortcode\"><div class=\"_3d-flip-book  fb3d-fullscreen-mode full-size\" data-id=\"498\" data-mode=\"fullscreen\" data-title=\"false\" data-template=\"short-white-book-view\" data-lightbox=\"dark-shadow\" data-urlparam=\"fb3d-page\" data-page-n=\"0\" data-pdf=\"\" data-tax=\"null\" data-thumbnail=\"\" data-cols=\"3\" data-book-template=\"default\"><\/div><script type=\"text\/javascript\">window.FB3D_CLIENT_DATA = window.FB3D_CLIENT_DATA || [];window.FB3D_CLIENT_DATA.push('eyJwb3N0cyI6eyI0OTgiOnsiSUQiOjQ5OCwidGl0bGUiOiJQcm9ncmFtbWUgSFx1MDBlOXJpc3NvbnMgbm91cyAyMDE5IiwidHlwZSI6InBkZiIsInJlYWR5X2Z1bmN0aW9uIjoiIiwiYm9va19zdHlsZSI6ImZsYXQiLCJib29rX3RlbXBsYXRlIjoibm9uZSIsIm91dGxpbmUiOltdLCJkYXRhIjp7InBvc3RfSUQiOiI0OTciLCJndWlkIjoiaHR0cDpcL1wvY29sbGVjdGlmLWVuZmFuY2UtamV1bmVzc2UwMS5mclwvd3AtY29udGVudFwvdXBsb2Fkc1wvMjAyMlwvMDFcL0hlXHUwMzAxcmlzc29ucy1ub3VzLTIwMTlfY29tcHJlc3NlZC5wZGYiLCJwZGZfcGFnZXMiOiI4IiwicGFnZXNfY3VzdG9taXphdGlvbiI6Im5vbmUifSwidGh1bWJuYWlsIjp7ImRhdGEiOnsicG9zdF9JRCI6IjAifSwidHlwZSI6ImF1dG8ifSwicHJvcHMiOnsiY2FjaGVkUGFnZXMiOiJhdXRvIiwicmVuZGVySW5hY3RpdmVQYWdlcyI6ImF1dG8iLCJyZW5kZXJJbmFjdGl2ZVBhZ2VzT25Nb2JpbGUiOiJhdXRvIiwicmVuZGVyV2hpbGVGbGlwcGluZyI6ImF1dG8iLCJwcmVsb2FkUGFnZXMiOiJhdXRvIiwicnRsIjoiYXV0byIsImludGVyYWN0aXZlQ29ybmVycyI6ImF1dG8iLCJzaGVldCI6eyJzdGFydFZlbG9jaXR5IjoiYXV0byIsIndhdmUiOiJhdXRvIiwid2lkdGhUZXhlbHMiOiJhdXRvIiwiY29sb3IiOiJhdXRvIiwic2lkZSI6ImF1dG8iLCJjb3JuZXJEZXZpYXRpb24iOiJhdXRvIiwiZmxleGliaWxpdHkiOiJhdXRvIiwiZmxleGlibGVDb3JuZXIiOiJhdXRvIiwiYmVuZGluZyI6ImF1dG8iLCJoZWlnaHRUZXhlbHMiOiJhdXRvIn0sImNvdmVyIjp7IndhdmUiOiJhdXRvIiwiY29sb3IiOiJhdXRvIiwiYmluZGVyVGV4dHVyZSI6ImF1dG8iLCJkZXB0aCI6ImF1dG8iLCJwYWRkaW5nIjoiYXV0byIsInN0YXJ0VmVsb2NpdHkiOiJhdXRvIiwiZmxleGliaWxpdHkiOiJhdXRvIiwiZmxleGlibGVDb3JuZXIiOiJhdXRvIiwiYmVuZGluZyI6ImF1dG8iLCJ3aWR0aFRleGVscyI6ImF1dG8iLCJoZWlnaHRUZXhlbHMiOiJhdXRvIiwibWFzcyI6ImF1dG8iLCJzaWRlIjoiYXV0byJ9LCJwYWdlIjp7IndhdmUiOiJhdXRvIiwiY29sb3IiOiJhdXRvIiwiZGVwdGgiOiJhdXRvIiwic3RhcnRWZWxvY2l0eSI6ImF1dG8iLCJmbGV4aWJpbGl0eSI6ImF1dG8iLCJmbGV4aWJsZUNvcm5lciI6ImF1dG8iLCJiZW5kaW5nIjoiYXV0byIsIndpZHRoVGV4ZWxzIjoiYXV0byIsImhlaWdodFRleGVscyI6ImF1dG8iLCJtYXNzIjoiYXV0byIsInNpZGUiOiJhdXRvIn0sImhlaWdodCI6ImF1dG8iLCJ3aWR0aCI6ImF1dG8iLCJncmF2aXR5IjoiYXV0byIsInBhZ2VzRm9yUHJlZGljdGluZyI6ImF1dG8ifSwiY29udHJvbFByb3BzIjp7ImFjdGlvbnMiOnsiY21kU2F2ZSI6eyJlbmFibGVkIjoiYXV0byIsImVuYWJsZWRJbk5hcnJvdyI6ImF1dG8ifSwiY21kUHJpbnQiOnsiZW5hYmxlZCI6ImF1dG8iLCJlbmFibGVkSW5OYXJyb3ciOiJhdXRvIn0sImNtZFNpbmdsZVBhZ2UiOnsiZW5hYmxlZCI6ImF1dG8iLCJlbmFibGVkSW5OYXJyb3ciOiJhdXRvIiwiYWN0aXZlIjoiYXV0byIsImFjdGl2ZUZvck1vYmlsZSI6ImF1dG8ifX19LCJhdXRvVGh1bWJuYWlsIjoiaHR0cDpcL1wvY29sbGVjdGlmLWVuZmFuY2UtamV1bmVzc2UwMS5mclwvd3AtY29udGVudFwvdXBsb2Fkc1wvM2QtZmxpcC1ib29rXC9hdXRvLXRodW1ibmFpbHNcLzQ5OC5wbmciLCJwb3N0X25hbWUiOiJwcm9ncmFtbWUtaGVyaXNzb25zLW5vdXMtMjAxOSIsInBvc3RfdHlwZSI6IjNkLWZsaXAtYm9vayJ9fSwicGFnZXMiOltdLCJmaXJzdFBhZ2VzIjpbXX0=');window.FB3D_CLIENT_LOCALE && window.FB3D_CLIENT_LOCALE.render();<\/script><\/div>\n\t\t\t\t<\/div>\n\t\t\t\t<\/div>\n\t\t\t\t\t\t<\/div>\n\t\t\t\t\t<\/div>\n\t\t<\/div>\n\t\t\t\t\t\t\t\t<\/div>\n\t\t\t\t\t<\/div>\n\t\t<\/section>\n\t\t\t\t\t\t\t\t\t<\/div>\n\t\t\t<\/div>\n\t\t\t\t\t<\/div>\n\t\t","protected":false},"excerpt":{"rendered":"<p>H\u00e9rissons-nous : \u00e9dition 2019 Une diversit\u00e9 de propositions :&#8211; 9 &hellip; <\/p>\n","protected":false},"author":1,"featured_media":0,"parent":0,"menu_order":0,"comment_status":"closed","ping_status":"closed","template":"","meta":{"_bbp_topic_count":0,"_bbp_reply_count":0,"_bbp_total_topic_count":0,"_bbp_total_reply_count":0,"_bbp_voice_count":0,"_bbp_anonymous_reply_count":0,"_bbp_topic_count_hidden":0,"_bbp_reply_count_hidden":0,"_bbp_forum_subforum_count":0},"yoast_head":"<!-- This site is optimized with the Yoast SEO plugin v18.0 - https:\/\/yoast.com\/wordpress\/plugins\/seo\/ -->\n<title>Edition 2019 - Collectif culture pour l&#039;enfance et la jeunesse de l&#039;ain<\/title>\n<meta name=\"robots\" content=\"index, follow, max-snippet:-1, max-image-preview:large, max-video-preview:-1\" \/>\n<link rel=\"canonical\" href=\"http:\/\/collectif-enfance-jeunesse01.fr\/?page_id=445\" \/>\n<meta property=\"og:locale\" content=\"fr_FR\" \/>\n<meta property=\"og:type\" content=\"article\" \/>\n<meta property=\"og:title\" content=\"Edition 2019 - Collectif culture pour l&#039;enfance et la jeunesse de l&#039;ain\" \/>\n<meta property=\"og:description\" content=\"H\u00e9rissons-nous : \u00e9dition 2019 Une diversit\u00e9 de propositions :&#8211; 9 &hellip;\" \/>\n<meta property=\"og:url\" content=\"http:\/\/collectif-enfance-jeunesse01.fr\/?page_id=445\" \/>\n<meta property=\"og:site_name\" content=\"Collectif culture pour l&#039;enfance et la jeunesse de l&#039;ain\" \/>\n<meta property=\"article:modified_time\" content=\"2022-01-13T12:21:19+00:00\" \/>\n<meta name=\"twitter:card\" content=\"summary_large_image\" \/>\n<meta name=\"twitter:label1\" content=\"Dur\u00e9e de lecture estim\u00e9e\" \/>\n\t<meta name=\"twitter:data1\" content=\"1 minute\" \/>\n<script type=\"application\/ld+json\" class=\"yoast-schema-graph\">{\"@context\":\"https:\/\/schema.org\",\"@graph\":[{\"@type\":\"WebSite\",\"@id\":\"https:\/\/collectif-enfance-jeunesse01.fr\/#website\",\"url\":\"https:\/\/collectif-enfance-jeunesse01.fr\/\",\"name\":\"Collectif culture pour l&#039;enfance et la jeunesse de l&#039;ain\",\"description\":\"\",\"potentialAction\":[{\"@type\":\"SearchAction\",\"target\":{\"@type\":\"EntryPoint\",\"urlTemplate\":\"https:\/\/collectif-enfance-jeunesse01.fr\/?s={search_term_string}\"},\"query-input\":\"required name=search_term_string\"}],\"inLanguage\":\"fr-FR\"},{\"@type\":\"WebPage\",\"@id\":\"http:\/\/collectif-enfance-jeunesse01.fr\/?page_id=445#webpage\",\"url\":\"http:\/\/collectif-enfance-jeunesse01.fr\/?page_id=445\",\"name\":\"Edition 2019 - Collectif culture pour l&#039;enfance et la jeunesse de l&#039;ain\",\"isPartOf\":{\"@id\":\"https:\/\/collectif-enfance-jeunesse01.fr\/#website\"},\"datePublished\":\"2022-01-13T09:10:27+00:00\",\"dateModified\":\"2022-01-13T12:21:19+00:00\",\"breadcrumb\":{\"@id\":\"http:\/\/collectif-enfance-jeunesse01.fr\/?page_id=445#breadcrumb\"},\"inLanguage\":\"fr-FR\",\"potentialAction\":[{\"@type\":\"ReadAction\",\"target\":[\"http:\/\/collectif-enfance-jeunesse01.fr\/?page_id=445\"]}]},{\"@type\":\"BreadcrumbList\",\"@id\":\"http:\/\/collectif-enfance-jeunesse01.fr\/?page_id=445#breadcrumb\",\"itemListElement\":[{\"@type\":\"ListItem\",\"position\":1,\"name\":\"Accueil\",\"item\":\"https:\/\/collectif-enfance-jeunesse01.fr\/\"},{\"@type\":\"ListItem\",\"position\":2,\"name\":\"Edition 2019\"}]}]}<\/script>\n<!-- \/ Yoast SEO plugin. -->","yoast_head_json":{"title":"Edition 2019 - Collectif culture pour l&#039;enfance et la jeunesse de l&#039;ain","robots":{"index":"index","follow":"follow","max-snippet":"max-snippet:-1","max-image-preview":"max-image-preview:large","max-video-preview":"max-video-preview:-1"},"canonical":"http:\/\/collectif-enfance-jeunesse01.fr\/?page_id=445","og_locale":"fr_FR","og_type":"article","og_title":"Edition 2019 - Collectif culture pour l&#039;enfance et la jeunesse de l&#039;ain","og_description":"H\u00e9rissons-nous : \u00e9dition 2019 Une diversit\u00e9 de propositions :&#8211; 9 &hellip;","og_url":"http:\/\/collectif-enfance-jeunesse01.fr\/?page_id=445","og_site_name":"Collectif culture pour l&#039;enfance et la jeunesse de l&#039;ain","article_modified_time":"2022-01-13T12:21:19+00:00","twitter_card":"summary_large_image","twitter_misc":{"Dur\u00e9e de lecture estim\u00e9e":"1 minute"},"schema":{"@context":"https:\/\/schema.org","@graph":[{"@type":"WebSite","@id":"https:\/\/collectif-enfance-jeunesse01.fr\/#website","url":"https:\/\/collectif-enfance-jeunesse01.fr\/","name":"Collectif culture pour l&#039;enfance et la jeunesse de l&#039;ain","description":"","potentialAction":[{"@type":"SearchAction","target":{"@type":"EntryPoint","urlTemplate":"https:\/\/collectif-enfance-jeunesse01.fr\/?s={search_term_string}"},"query-input":"required name=search_term_string"}],"inLanguage":"fr-FR"},{"@type":"WebPage","@id":"http:\/\/collectif-enfance-jeunesse01.fr\/?page_id=445#webpage","url":"http:\/\/collectif-enfance-jeunesse01.fr\/?page_id=445","name":"Edition 2019 - Collectif culture pour l&#039;enfance et la jeunesse de l&#039;ain","isPartOf":{"@id":"https:\/\/collectif-enfance-jeunesse01.fr\/#website"},"datePublished":"2022-01-13T09:10:27+00:00","dateModified":"2022-01-13T12:21:19+00:00","breadcrumb":{"@id":"http:\/\/collectif-enfance-jeunesse01.fr\/?page_id=445#breadcrumb"},"inLanguage":"fr-FR","potentialAction":[{"@type":"ReadAction","target":["http:\/\/collectif-enfance-jeunesse01.fr\/?page_id=445"]}]},{"@type":"BreadcrumbList","@id":"http:\/\/collectif-enfance-jeunesse01.fr\/?page_id=445#breadcrumb","itemListElement":[{"@type":"ListItem","position":1,"name":"Accueil","item":"https:\/\/collectif-enfance-jeunesse01.fr\/"},{"@type":"ListItem","position":2,"name":"Edition 2019"}]}]}},"_links":{"self":[{"href":"https:\/\/collectif-enfance-jeunesse01.fr\/index.php?rest_route=\/wp\/v2\/pages\/445"}],"collection":[{"href":"https:\/\/collectif-enfance-jeunesse01.fr\/index.php?rest_route=\/wp\/v2\/pages"}],"about":[{"href":"https:\/\/collectif-enfance-jeunesse01.fr\/index.php?rest_route=\/wp\/v2\/types\/page"}],"author":[{"embeddable":true,"href":"https:\/\/collectif-enfance-jeunesse01.fr\/index.php?rest_route=\/wp\/v2\/users\/1"}],"replies":[{"embeddable":true,"href":"https:\/\/collectif-enfance-jeunesse01.fr\/index.php?rest_route=%2Fwp%2Fv2%2Fcomments&post=445"}],"version-history":[{"count":13,"href":"https:\/\/collectif-enfance-jeunesse01.fr\/index.php?rest_route=\/wp\/v2\/pages\/445\/revisions"}],"predecessor-version":[{"id":532,"href":"https:\/\/collectif-enfance-jeunesse01.fr\/index.php?rest_route=\/wp\/v2\/pages\/445\/revisions\/532"}],"wp:attachment":[{"href":"https:\/\/collectif-enfance-jeunesse01.fr\/index.php?rest_route=%2Fwp%2Fv2%2Fmedia&parent=445"}],"curies":[{"name":"wp","href":"https:\/\/api.w.org\/{rel}","templated":true}]}}