{"id":111,"date":"2021-01-18T12:05:52","date_gmt":"2021-01-18T11:05:52","guid":{"rendered":"http:\/\/collectif-enfance-jeunesse01.fr\/?page_id=111"},"modified":"2026-03-30T16:14:56","modified_gmt":"2026-03-30T14:14:56","slug":"actualites","status":"publish","type":"page","link":"https:\/\/collectif-enfance-jeunesse01.fr\/","title":{"rendered":"Actualit\u00e9s"},"content":{"rendered":"\t\t<div data-elementor-type=\"wp-page\" data-elementor-id=\"111\" class=\"elementor elementor-111\">\n\t\t\t\t\t\t<div class=\"elementor-inner\">\n\t\t\t\t<div class=\"elementor-section-wrap\">\n\t\t\t\t\t\t\t\t\t<section class=\"elementor-section elementor-top-section elementor-element elementor-element-4f0d04d elementor-section-full_width elementor-section-content-top animated-fast elementor-section-height-default elementor-section-height-default elementor-invisible\" data-id=\"4f0d04d\" data-element_type=\"section\" data-settings=\"{&quot;animation&quot;:&quot;fadeIn&quot;}\">\n\t\t\t\t\t\t<div class=\"elementor-container elementor-column-gap-narrow\">\n\t\t\t\t\t\t\t<div class=\"elementor-row\">\n\t\t\t\t\t<div class=\"elementor-column elementor-col-100 elementor-top-column elementor-element elementor-element-e79cf05\" data-id=\"e79cf05\" data-element_type=\"column\">\n\t\t\t<div class=\"elementor-column-wrap elementor-element-populated\">\n\t\t\t\t\t\t\t<div class=\"elementor-widget-wrap\">\n\t\t\t\t\t\t<div class=\"elementor-element elementor-element-21ccc19 animated-fast elementor-invisible elementor-widget elementor-widget-image-carousel\" data-id=\"21ccc19\" data-element_type=\"widget\" data-settings=\"{&quot;_animation&quot;:&quot;fadeIn&quot;,&quot;_animation_delay&quot;:2,&quot;slides_to_show&quot;:&quot;3&quot;,&quot;slides_to_scroll&quot;:&quot;1&quot;,&quot;navigation&quot;:&quot;none&quot;,&quot;autoplay&quot;:&quot;yes&quot;,&quot;pause_on_hover&quot;:&quot;yes&quot;,&quot;pause_on_interaction&quot;:&quot;yes&quot;,&quot;autoplay_speed&quot;:5000,&quot;infinite&quot;:&quot;yes&quot;,&quot;speed&quot;:500}\" data-widget_type=\"image-carousel.default\">\n\t\t\t\t<div class=\"elementor-widget-container\">\n\t\t\t\t\t<div class=\"elementor-image-carousel-wrapper swiper-container\" dir=\"ltr\">\n\t\t\t<div class=\"elementor-image-carousel swiper-wrapper\">\n\t\t\t\t\t\t\t\t<div class=\"swiper-slide\"><figure class=\"swiper-slide-inner\"><img class=\"swiper-slide-image\" src=\"https:\/\/collectif-enfance-jeunesse01.fr\/wp-content\/uploads\/2021\/01\/1-4-300x213.jpg\" alt=\"1\" \/><\/figure><\/div><div class=\"swiper-slide\"><figure class=\"swiper-slide-inner\"><img class=\"swiper-slide-image\" src=\"https:\/\/collectif-enfance-jeunesse01.fr\/wp-content\/uploads\/2021\/01\/2-4-300x213.jpg\" alt=\"2\" \/><\/figure><\/div><div class=\"swiper-slide\"><figure class=\"swiper-slide-inner\"><img class=\"swiper-slide-image\" src=\"https:\/\/collectif-enfance-jeunesse01.fr\/wp-content\/uploads\/2021\/01\/3-4-300x213.jpg\" alt=\"3\" \/><\/figure><\/div><div class=\"swiper-slide\"><figure class=\"swiper-slide-inner\"><img class=\"swiper-slide-image\" src=\"https:\/\/collectif-enfance-jeunesse01.fr\/wp-content\/uploads\/2021\/01\/4-4-300x213.jpg\" alt=\"4\" \/><\/figure><\/div><div class=\"swiper-slide\"><figure class=\"swiper-slide-inner\"><img class=\"swiper-slide-image\" src=\"https:\/\/collectif-enfance-jeunesse01.fr\/wp-content\/uploads\/2021\/01\/5-4-300x213.jpg\" alt=\"5\" \/><\/figure><\/div><div class=\"swiper-slide\"><figure class=\"swiper-slide-inner\"><img class=\"swiper-slide-image\" src=\"https:\/\/collectif-enfance-jeunesse01.fr\/wp-content\/uploads\/2021\/01\/6-4-300x213.jpg\" alt=\"6\" \/><\/figure><\/div>\t\t\t<\/div>\n\t\t\t\t\t\t\t\t\t\t\t\t\t\t\t\t<\/div>\n\t\t\t\t<\/div>\n\t\t\t\t<\/div>\n\t\t\t\t\t\t<\/div>\n\t\t\t\t\t<\/div>\n\t\t<\/div>\n\t\t\t\t\t\t\t\t<\/div>\n\t\t\t\t\t<\/div>\n\t\t<\/section>\n\t\t\t\t<section class=\"elementor-section elementor-top-section elementor-element elementor-element-463ec3e elementor-section-boxed elementor-section-height-default elementor-section-height-default\" data-id=\"463ec3e\" data-element_type=\"section\">\n\t\t\t\t\t\t<div class=\"elementor-container elementor-column-gap-default\">\n\t\t\t\t\t\t\t<div class=\"elementor-row\">\n\t\t\t\t\t<div class=\"elementor-column elementor-col-100 elementor-top-column elementor-element elementor-element-7640308\" data-id=\"7640308\" data-element_type=\"column\">\n\t\t\t<div class=\"elementor-column-wrap elementor-element-populated\">\n\t\t\t\t\t\t\t<div class=\"elementor-widget-wrap\">\n\t\t\t\t\t\t<div class=\"elementor-element elementor-element-69158e0 elementor-widget elementor-widget-text-editor\" data-id=\"69158e0\" data-element_type=\"widget\" data-widget_type=\"text-editor.default\">\n\t\t\t\t<div class=\"elementor-widget-container\">\n\t\t\t\t\t\t\t\t<div class=\"elementor-text-editor elementor-clearfix\">\n\t\t\t\t<p style=\"text-align: left;\"><span style=\"color: #000000;\"><b>Le Collectif Culture pour l&#8217;Enfance et la Jeunesse de l&#8217;Ain lance son appel \u00e0 projet\u00a0<\/b><\/span><span style=\"background-color: transparent; color: #000000; font-family: Arial, sans-serif; font-size: 12pt; font-weight: bold; white-space-collapse: preserve;\">pour une r\u00e9sidence de cr\u00e9ation \u00e0 Valserh\u00f4ne \u00e0 l&#8217;automne 2026 ! <\/span><\/p><p><span style=\"color: #000000;\"><span style=\"font-weight: 400;\">Cet appel \u00e0 projet s\u2019adresse \u00e0 des <\/span><b>compagnies professionnelles du d\u00e9partement de l\u2019Ain cr\u00e9ant r\u00e9guli\u00e8rement pour l\u2019enfance et la jeunesse<\/b><span style=\"font-weight: 400;\"> (0-18 ans) et est ouvert <span style=\"text-decoration: underline;\">jusqu&#8217;au 4 mai 2026.<\/span><\/span><\/span><\/p><p style=\"text-align: left;\"><span style=\"color: #000000;\">Informations et documents \u00e0 t\u00e9l\u00e9charger ci-dessous :<\/span><\/p><p style=\"text-align: left;\"><a href=\"https:\/\/drive.google.com\/file\/d\/1v8E5BLuFFflPmmDrpzRT1sNsfmtuZxyQ\/view?usp=sharing\">R\u00e8glement de l&#8217;appel \u00e0 projet<\/a>\u00a0<\/p><p style=\"text-align: left;\"><a href=\"https:\/\/docs.google.com\/spreadsheets\/d\/1mjpY_gKsWbIik1FwUWCfLnrNNRcEUa8H\/edit?usp=sharing&amp;ouid=112286583568138757181&amp;rtpof=true&amp;sd=true\">Dossier \u00e0 remplir<\/a> <span style=\"color: #000000;\"><em>(merci d&#8217;ouvrir et de t\u00e9l\u00e9charger le fichier afin de pouvoir le remplir sur votre ordinateur)<\/em><\/span><\/p><p>\u00a0<\/p>\t\t\t\t\t<\/div>\n\t\t\t\t\t\t<\/div>\n\t\t\t\t<\/div>\n\t\t\t\t\t\t<\/div>\n\t\t\t\t\t<\/div>\n\t\t<\/div>\n\t\t\t\t\t\t\t\t<\/div>\n\t\t\t\t\t<\/div>\n\t\t<\/section>\n\t\t\t\t\t\t\t\t\t<\/div>\n\t\t\t<\/div>\n\t\t\t\t\t<\/div>\n\t\t","protected":false},"excerpt":{"rendered":"<p>Le Collectif Culture pour l&#8217;Enfance et la Jeunesse de l&#8217;Ain &hellip; <\/p>\n","protected":false},"author":1,"featured_media":0,"parent":0,"menu_order":0,"comment_status":"closed","ping_status":"closed","template":"","meta":{"_bbp_topic_count":0,"_bbp_reply_count":0,"_bbp_total_topic_count":0,"_bbp_total_reply_count":0,"_bbp_voice_count":0,"_bbp_anonymous_reply_count":0,"_bbp_topic_count_hidden":0,"_bbp_reply_count_hidden":0,"_bbp_forum_subforum_count":0},"yoast_head":"<!-- This site is optimized with the Yoast SEO plugin v18.0 - https:\/\/yoast.com\/wordpress\/plugins\/seo\/ -->\n<title>Actualit\u00e9s - Collectif culture pour l&#039;enfance et la jeunesse de l&#039;ain<\/title>\n<meta name=\"robots\" content=\"index, follow, max-snippet:-1, max-image-preview:large, max-video-preview:-1\" \/>\n<link rel=\"canonical\" href=\"https:\/\/collectif-enfance-jeunesse01.fr\/\" \/>\n<meta property=\"og:locale\" content=\"fr_FR\" \/>\n<meta property=\"og:type\" content=\"article\" \/>\n<meta property=\"og:title\" content=\"Actualit\u00e9s - Collectif culture pour l&#039;enfance et la jeunesse de l&#039;ain\" \/>\n<meta property=\"og:description\" content=\"Le Collectif Culture pour l&#8217;Enfance et la Jeunesse de l&#8217;Ain &hellip;\" \/>\n<meta property=\"og:url\" content=\"https:\/\/collectif-enfance-jeunesse01.fr\/\" \/>\n<meta property=\"og:site_name\" content=\"Collectif culture pour l&#039;enfance et la jeunesse de l&#039;ain\" \/>\n<meta property=\"article:modified_time\" content=\"2026-03-30T14:14:56+00:00\" \/>\n<meta property=\"og:image\" content=\"http:\/\/collectif-enfance-jeunesse01.fr\/wp-content\/uploads\/2021\/01\/1-4-300x213.jpg\" \/>\n<meta name=\"twitter:card\" content=\"summary_large_image\" \/>\n<meta name=\"twitter:label1\" content=\"Dur\u00e9e de lecture estim\u00e9e\" \/>\n\t<meta name=\"twitter:data1\" content=\"3 minutes\" \/>\n<script type=\"application\/ld+json\" class=\"yoast-schema-graph\">{\"@context\":\"https:\/\/schema.org\",\"@graph\":[{\"@type\":\"WebSite\",\"@id\":\"https:\/\/collectif-enfance-jeunesse01.fr\/#website\",\"url\":\"https:\/\/collectif-enfance-jeunesse01.fr\/\",\"name\":\"Collectif culture pour l&#039;enfance et la jeunesse de l&#039;ain\",\"description\":\"\",\"potentialAction\":[{\"@type\":\"SearchAction\",\"target\":{\"@type\":\"EntryPoint\",\"urlTemplate\":\"https:\/\/collectif-enfance-jeunesse01.fr\/?s={search_term_string}\"},\"query-input\":\"required name=search_term_string\"}],\"inLanguage\":\"fr-FR\"},{\"@type\":\"ImageObject\",\"@id\":\"https:\/\/collectif-enfance-jeunesse01.fr\/#primaryimage\",\"inLanguage\":\"fr-FR\",\"url\":\"http:\/\/collectif-enfance-jeunesse01.fr\/wp-content\/uploads\/2021\/01\/1-4-300x213.jpg\",\"contentUrl\":\"http:\/\/collectif-enfance-jeunesse01.fr\/wp-content\/uploads\/2021\/01\/1-4-300x213.jpg\"},{\"@type\":\"WebPage\",\"@id\":\"https:\/\/collectif-enfance-jeunesse01.fr\/#webpage\",\"url\":\"https:\/\/collectif-enfance-jeunesse01.fr\/\",\"name\":\"Actualit\u00e9s - Collectif culture pour l&#039;enfance et la jeunesse de l&#039;ain\",\"isPartOf\":{\"@id\":\"https:\/\/collectif-enfance-jeunesse01.fr\/#website\"},\"primaryImageOfPage\":{\"@id\":\"https:\/\/collectif-enfance-jeunesse01.fr\/#primaryimage\"},\"datePublished\":\"2021-01-18T11:05:52+00:00\",\"dateModified\":\"2026-03-30T14:14:56+00:00\",\"breadcrumb\":{\"@id\":\"https:\/\/collectif-enfance-jeunesse01.fr\/#breadcrumb\"},\"inLanguage\":\"fr-FR\",\"potentialAction\":[{\"@type\":\"ReadAction\",\"target\":[\"https:\/\/collectif-enfance-jeunesse01.fr\/\"]}]},{\"@type\":\"BreadcrumbList\",\"@id\":\"https:\/\/collectif-enfance-jeunesse01.fr\/#breadcrumb\",\"itemListElement\":[{\"@type\":\"ListItem\",\"position\":1,\"name\":\"Accueil\",\"item\":\"https:\/\/collectif-enfance-jeunesse01.fr\/\"},{\"@type\":\"ListItem\",\"position\":2,\"name\":\"Actualit\u00e9s\"}]}]}<\/script>\n<!-- \/ Yoast SEO plugin. -->","yoast_head_json":{"title":"Actualit\u00e9s - Collectif culture pour l&#039;enfance et la jeunesse de l&#039;ain","robots":{"index":"index","follow":"follow","max-snippet":"max-snippet:-1","max-image-preview":"max-image-preview:large","max-video-preview":"max-video-preview:-1"},"canonical":"https:\/\/collectif-enfance-jeunesse01.fr\/","og_locale":"fr_FR","og_type":"article","og_title":"Actualit\u00e9s - Collectif culture pour l&#039;enfance et la jeunesse de l&#039;ain","og_description":"Le Collectif Culture pour l&#8217;Enfance et la Jeunesse de l&#8217;Ain &hellip;","og_url":"https:\/\/collectif-enfance-jeunesse01.fr\/","og_site_name":"Collectif culture pour l&#039;enfance et la jeunesse de l&#039;ain","article_modified_time":"2026-03-30T14:14:56+00:00","og_image":[{"url":"http:\/\/collectif-enfance-jeunesse01.fr\/wp-content\/uploads\/2021\/01\/1-4-300x213.jpg"}],"twitter_card":"summary_large_image","twitter_misc":{"Dur\u00e9e de lecture estim\u00e9e":"3 minutes"},"schema":{"@context":"https:\/\/schema.org","@graph":[{"@type":"WebSite","@id":"https:\/\/collectif-enfance-jeunesse01.fr\/#website","url":"https:\/\/collectif-enfance-jeunesse01.fr\/","name":"Collectif culture pour l&#039;enfance et la jeunesse de l&#039;ain","description":"","potentialAction":[{"@type":"SearchAction","target":{"@type":"EntryPoint","urlTemplate":"https:\/\/collectif-enfance-jeunesse01.fr\/?s={search_term_string}"},"query-input":"required name=search_term_string"}],"inLanguage":"fr-FR"},{"@type":"ImageObject","@id":"https:\/\/collectif-enfance-jeunesse01.fr\/#primaryimage","inLanguage":"fr-FR","url":"http:\/\/collectif-enfance-jeunesse01.fr\/wp-content\/uploads\/2021\/01\/1-4-300x213.jpg","contentUrl":"http:\/\/collectif-enfance-jeunesse01.fr\/wp-content\/uploads\/2021\/01\/1-4-300x213.jpg"},{"@type":"WebPage","@id":"https:\/\/collectif-enfance-jeunesse01.fr\/#webpage","url":"https:\/\/collectif-enfance-jeunesse01.fr\/","name":"Actualit\u00e9s - Collectif culture pour l&#039;enfance et la jeunesse de l&#039;ain","isPartOf":{"@id":"https:\/\/collectif-enfance-jeunesse01.fr\/#website"},"primaryImageOfPage":{"@id":"https:\/\/collectif-enfance-jeunesse01.fr\/#primaryimage"},"datePublished":"2021-01-18T11:05:52+00:00","dateModified":"2026-03-30T14:14:56+00:00","breadcrumb":{"@id":"https:\/\/collectif-enfance-jeunesse01.fr\/#breadcrumb"},"inLanguage":"fr-FR","potentialAction":[{"@type":"ReadAction","target":["https:\/\/collectif-enfance-jeunesse01.fr\/"]}]},{"@type":"BreadcrumbList","@id":"https:\/\/collectif-enfance-jeunesse01.fr\/#breadcrumb","itemListElement":[{"@type":"ListItem","position":1,"name":"Accueil","item":"https:\/\/collectif-enfance-jeunesse01.fr\/"},{"@type":"ListItem","position":2,"name":"Actualit\u00e9s"}]}]}},"_links":{"self":[{"href":"https:\/\/collectif-enfance-jeunesse01.fr\/index.php?rest_route=\/wp\/v2\/pages\/111"}],"collection":[{"href":"https:\/\/collectif-enfance-jeunesse01.fr\/index.php?rest_route=\/wp\/v2\/pages"}],"about":[{"href":"https:\/\/collectif-enfance-jeunesse01.fr\/index.php?rest_route=\/wp\/v2\/types\/page"}],"author":[{"embeddable":true,"href":"https:\/\/collectif-enfance-jeunesse01.fr\/index.php?rest_route=\/wp\/v2\/users\/1"}],"replies":[{"embeddable":true,"href":"https:\/\/collectif-enfance-jeunesse01.fr\/index.php?rest_route=%2Fwp%2Fv2%2Fcomments&post=111"}],"version-history":[{"count":106,"href":"https:\/\/collectif-enfance-jeunesse01.fr\/index.php?rest_route=\/wp\/v2\/pages\/111\/revisions"}],"predecessor-version":[{"id":866,"href":"https:\/\/collectif-enfance-jeunesse01.fr\/index.php?rest_route=\/wp\/v2\/pages\/111\/revisions\/866"}],"wp:attachment":[{"href":"https:\/\/collectif-enfance-jeunesse01.fr\/index.php?rest_route=%2Fwp%2Fv2%2Fmedia&parent=111"}],"curies":[{"name":"wp","href":"https:\/\/api.w.org\/{rel}","templated":true}]}}